{"id":863,"date":"2025-01-24T14:37:35","date_gmt":"2025-01-24T14:37:35","guid":{"rendered":"https:\/\/pacificpumps.cl\/?page_id=863"},"modified":"2025-03-13T20:09:49","modified_gmt":"2025-03-13T20:09:49","slug":"inicio","status":"publish","type":"page","link":"https:\/\/pacificpumps.cl\/index.php\/inicio\/","title":{"rendered":"Inicio"},"content":{"rendered":"\n<div class=\"wp-block-group alignfull has-global-padding is-layout-constrained wp-container-core-group-is-layout-0a43e82f wp-block-group-is-layout-constrained\" style=\"margin-top:0;margin-bottom:0;padding-top:var(--wp--preset--spacing--10);padding-right:var(--wp--preset--spacing--50);padding-bottom:var(--wp--preset--spacing--50);padding-left:var(--wp--preset--spacing--50)\">\n<div class=\"wp-block-group alignwide has-base-2-background-color has-background has-global-padding is-layout-constrained wp-container-core-group-is-layout-73762215 wp-block-group-is-layout-constrained\" style=\"border-radius:40px;margin-top:0;margin-bottom:0;padding-top:var(--wp--preset--spacing--60);padding-right:var(--wp--preset--spacing--50);padding-bottom:0;padding-left:var(--wp--preset--spacing--50);box-shadow:var(--wp--preset--shadow--deep)\" data-aos=\"slide-left\">\n<div class=\"wp-block-columns alignwide is-layout-flex wp-container-core-columns-is-layout-1da03c2a wp-block-columns-is-layout-flex\">\n<div class=\"wp-block-column is-layout-flow wp-block-column-is-layout-flow\" style=\"flex-basis:40%\">\n<h1 class=\"wp-block-heading has-contrast-color has-text-color has-link-color has-lexend-zetta-font-family wp-elements-f593c6c5171b5effed378b6f9139d09e\" style=\"font-size:clamp(0.875rem, 0.875rem + ((1vw - 0.2rem) * 0.542), 1.2rem);\">Nuestra raz\u00f3n de ser<\/h1>\n\n\n\n<h2 class=\"wp-block-heading is-style-default has-contrast-color has-text-color has-link-color has-poppins-font-family wp-elements-7b7f8c91439a5b678b3ea256330d47fe\" style=\"font-style:normal;font-weight:600\">Misi\u00f3n<\/h2>\n\n\n\n<p class=\"has-contrast-color has-text-color has-link-color has-poppins-font-family has-small-font-size wp-elements-e285d0864484d8c0c775eab1ccc02414\" style=\"font-style:normal;font-weight:400\">En Pacific Pump SpA, nuestra misi\u00f3n es proporcionar soluciones integrales en sistemas contra incendio, cumpliendo con los m\u00e1s altos est\u00e1ndares internacionales de calidad y seguridad. Nos dedicamos al suministro y mantenimiento de equipos de bombeo de agua, incluyendo bombas horizontales de carcasa dividida, bombas de alta presi\u00f3n de dos etapas, bombas verticales de turbina y bombas de succi\u00f3n axial (tipos: Horizontal Split Case, HP Stage DMD, End Suction, Vertical en Linea, Turbina Vertical). Nuestro personal especializado ofrece asesor\u00edas t\u00e9cnicas, inspecciones y sistemas paquetizados en formato SKID. Representamos a Patterson Pump Company, garantizando productos que cumplen con las certificaciones listado&nbsp;UL&nbsp;y aprobaci\u00f3n&nbsp;FM, entre otras normas internacionales, contribuyendo a la seguridad de diversas instalaciones a nivel nacional y regional.<\/p>\n\n\n\n<div style=\"height:45px\" aria-hidden=\"true\" class=\"wp-block-spacer\"><\/div>\n<\/div>\n\n\n\n<div class=\"wp-block-column is-vertically-aligned-center is-layout-flow wp-block-column-is-layout-flow\" style=\"flex-basis:60%\">\n<figure class=\"wp-block-image size-full is-style-rounded is-style-rounded--1\"><img fetchpriority=\"high\" decoding=\"async\" width=\"512\" height=\"512\" src=\"https:\/\/pacificpumps.cl\/wp-content\/uploads\/2025\/01\/bandera-azul-1.png\" alt=\"\" class=\"wp-image-618\" style=\"aspect-ratio:4\/3;object-fit:contain\" srcset=\"https:\/\/pacificpumps.cl\/wp-content\/uploads\/2025\/01\/bandera-azul-1.png 512w, https:\/\/pacificpumps.cl\/wp-content\/uploads\/2025\/01\/bandera-azul-1-300x300.png 300w, https:\/\/pacificpumps.cl\/wp-content\/uploads\/2025\/01\/bandera-azul-1-150x150.png 150w\" sizes=\"(max-width: 512px) 100vw, 512px\" \/><\/figure>\n\n\n\n<div style=\"height:45px\" aria-hidden=\"true\" class=\"wp-block-spacer\"><\/div>\n<\/div>\n<\/div>\n\n\n\n<div class=\"wp-block-group alignfull has-background has-global-padding is-layout-constrained wp-container-core-group-is-layout-d89aad35 wp-block-group-is-layout-constrained\" style=\"border-top-left-radius:0px;border-top-right-radius:0px;border-bottom-left-radius:40px;border-bottom-right-radius:40px;background-color:#cf2e2e;margin-top:0;margin-bottom:0;padding-top:var(--wp--preset--spacing--50);padding-right:var(--wp--preset--spacing--50);padding-bottom:var(--wp--preset--spacing--50);padding-left:var(--wp--preset--spacing--50)\" data-aos=\"slide-right\">\n<div class=\"wp-block-columns alignwide is-layout-flex wp-container-core-columns-is-layout-1da03c2a wp-block-columns-is-layout-flex\">\n<div class=\"wp-block-column is-vertically-aligned-center is-layout-flow wp-block-column-is-layout-flow\" style=\"flex-basis:60%\">\n<figure class=\"wp-block-image size-full is-style-rounded wp-duotone-duotone-1 is-style-rounded--2\"><img decoding=\"async\" width=\"427\" height=\"512\" src=\"https:\/\/pacificpumps.cl\/wp-content\/uploads\/2025\/01\/VISION-FINAL.png\" alt=\"\" class=\"wp-image-616\" style=\"aspect-ratio:4\/3;object-fit:contain\" srcset=\"https:\/\/pacificpumps.cl\/wp-content\/uploads\/2025\/01\/VISION-FINAL.png 427w, https:\/\/pacificpumps.cl\/wp-content\/uploads\/2025\/01\/VISION-FINAL-250x300.png 250w\" sizes=\"(max-width: 427px) 100vw, 427px\" \/><\/figure>\n<\/div>\n\n\n\n<div class=\"wp-block-column is-layout-flow wp-block-column-is-layout-flow\" style=\"flex-basis:40%\">\n<h1 class=\"wp-block-heading has-base-2-color has-text-color has-link-color has-lexend-zetta-font-family wp-elements-0dc239fdb8446b843d26c5ad18d4864c\" style=\"font-size:clamp(0.875rem, 0.875rem + ((1vw - 0.2rem) * 0.708), 1.3rem);\">Nuestros objetivos<\/h1>\n\n\n\n<h2 class=\"wp-block-heading is-style-default has-base-2-color has-text-color has-link-color has-poppins-font-family wp-elements-c9eb55d51069a0da98907a575125f2e4\" style=\"font-style:normal;font-weight:600\">Visi\u00f3n<\/h2>\n\n\n\n<p class=\"has-base-2-color has-text-color has-link-color has-poppins-font-family has-small-font-size wp-elements-5506d6fbbd1d84e1a0a881b591faedda\" style=\"font-style:normal;font-weight:400\">Aspiramos a consolidarnos como l\u00edderes en soluciones de bombeo contra incendio en nuestro pa\u00eds, distingui\u00e9ndonos por nuestra innovaci\u00f3n tecnol\u00f3gica y excelencia operativa. Buscamos expandir nuestra presencia, ofreciendo sistemas de bombeo avanzados que excedan las expectativas del mercado. En Pacific Pump SpA, nos comprometemos a proteger vidas y propiedades mediante la entrega de productos robustos y confiables, dise\u00f1ados para operar eficientemente bajo condiciones exigentes. Nuestro objetivo es ser reconocidos como el socio preferido para proyectos de protecci\u00f3n contra incendios, asegurando instalaciones seguras y protegidas en todos los sectores con productos que cumplen las certificaciones listados&nbsp;UL&nbsp;y aprobados &nbsp;FM.<\/p>\n<\/div>\n<\/div>\n<\/div>\n<\/div>\n<\/div>\n\n\n\n<div class=\"wp-block-group alignwide has-background has-global-padding is-layout-constrained wp-container-core-group-is-layout-c87cea4e wp-block-group-is-layout-constrained\" style=\"border-radius:40px;background:radial-gradient(rgb(6,147,227) 0%,rgb(20,39,109) 100%);margin-top:0;margin-bottom:0;padding-top:var(--wp--preset--spacing--60);padding-right:var(--wp--preset--spacing--50);padding-bottom:var(--wp--preset--spacing--60);padding-left:var(--wp--preset--spacing--50)\" data-aos=\"slide-right\">\n<div class=\"wp-block-columns alignwide is-layout-flex wp-container-core-columns-is-layout-1da03c2a wp-block-columns-is-layout-flex\">\n<div class=\"wp-block-column is-layout-flow wp-block-column-is-layout-flow\" style=\"flex-basis:40%\">\n<h1 class=\"wp-block-heading has-base-2-color has-text-color has-link-color has-poppins-font-family wp-elements-e8bcd9aeed4934ba6a9e312a12250b4a\" style=\"font-size:clamp(1.352rem, 1.352rem + ((1vw - 0.2rem) * 1.413), 2.2rem);\">Nuestra familia<\/h1>\n\n\n\n<h2 class=\"wp-block-heading is-style-default has-base-2-color has-text-color has-link-color has-poppins-font-family has-xx-large-font-size wp-elements-92762cfd9b2210e1b463ee6003739f50\" style=\"font-style:normal;font-weight:600\">Patterson<\/h2>\n\n\n\n<p class=\"has-base-2-color has-text-color has-link-color has-poppins-font-family has-small-font-size wp-elements-dd641810a010ff2a2d2f33569620b433\" style=\"font-style:normal;font-weight:400\">En la reciente convenci\u00f3n de tecnolog\u00eda contra incendios, el equipo de Patterson The Family Pump estuvo presente explorando las \u00faltimas innovaciones en bombas de incendio. Comprometidos con la excelencia y la seguridad, seguimos buscando las mejores soluciones para proteger lo que m\u00e1s importa.<\/p>\n<\/div>\n\n\n\n<div class=\"wp-block-column is-vertically-aligned-center is-layout-flow wp-block-column-is-layout-flow\" style=\"flex-basis:60%\">\n<figure class=\"wp-block-gallery has-nested-images columns-default is-cropped wp-block-gallery-3 is-layout-flex wp-block-gallery-is-layout-flex\">\n<figure class=\"wp-block-image size-full has-custom-border\"><img decoding=\"async\" width=\"2048\" height=\"1152\" data-id=\"926\" src=\"https:\/\/pacificpumps.cl\/wp-content\/uploads\/2025\/01\/PATTERSON-FAMILY-7.jpg\" alt=\"\" class=\"wp-image-926\" style=\"border-radius:10px\" srcset=\"https:\/\/pacificpumps.cl\/wp-content\/uploads\/2025\/01\/PATTERSON-FAMILY-7.jpg 2048w, https:\/\/pacificpumps.cl\/wp-content\/uploads\/2025\/01\/PATTERSON-FAMILY-7-300x169.jpg 300w, https:\/\/pacificpumps.cl\/wp-content\/uploads\/2025\/01\/PATTERSON-FAMILY-7-1024x576.jpg 1024w, https:\/\/pacificpumps.cl\/wp-content\/uploads\/2025\/01\/PATTERSON-FAMILY-7-768x432.jpg 768w, https:\/\/pacificpumps.cl\/wp-content\/uploads\/2025\/01\/PATTERSON-FAMILY-7-1536x864.jpg 1536w\" sizes=\"(max-width: 2048px) 100vw, 2048px\" \/><\/figure>\n\n\n\n<figure class=\"wp-block-image size-full has-custom-border\"><img loading=\"lazy\" decoding=\"async\" width=\"2048\" height=\"1536\" data-id=\"928\" src=\"https:\/\/pacificpumps.cl\/wp-content\/uploads\/2025\/01\/PATTERSON-6-2.jpg\" alt=\"\" class=\"wp-image-928\" style=\"border-radius:10px\" srcset=\"https:\/\/pacificpumps.cl\/wp-content\/uploads\/2025\/01\/PATTERSON-6-2.jpg 2048w, https:\/\/pacificpumps.cl\/wp-content\/uploads\/2025\/01\/PATTERSON-6-2-300x225.jpg 300w, https:\/\/pacificpumps.cl\/wp-content\/uploads\/2025\/01\/PATTERSON-6-2-1024x768.jpg 1024w, https:\/\/pacificpumps.cl\/wp-content\/uploads\/2025\/01\/PATTERSON-6-2-768x576.jpg 768w, https:\/\/pacificpumps.cl\/wp-content\/uploads\/2025\/01\/PATTERSON-6-2-1536x1152.jpg 1536w\" sizes=\"(max-width: 2048px) 100vw, 2048px\" \/><\/figure>\n\n\n\n<figure class=\"wp-block-image size-full has-custom-border\"><img loading=\"lazy\" decoding=\"async\" width=\"2048\" height=\"1536\" data-id=\"931\" src=\"https:\/\/pacificpumps.cl\/wp-content\/uploads\/2025\/01\/PATTERSON-5-1.jpg\" alt=\"\" class=\"wp-image-931\" style=\"border-radius:10px\" srcset=\"https:\/\/pacificpumps.cl\/wp-content\/uploads\/2025\/01\/PATTERSON-5-1.jpg 2048w, https:\/\/pacificpumps.cl\/wp-content\/uploads\/2025\/01\/PATTERSON-5-1-300x225.jpg 300w, https:\/\/pacificpumps.cl\/wp-content\/uploads\/2025\/01\/PATTERSON-5-1-1024x768.jpg 1024w, https:\/\/pacificpumps.cl\/wp-content\/uploads\/2025\/01\/PATTERSON-5-1-768x576.jpg 768w, https:\/\/pacificpumps.cl\/wp-content\/uploads\/2025\/01\/PATTERSON-5-1-1536x1152.jpg 1536w\" sizes=\"(max-width: 2048px) 100vw, 2048px\" \/><\/figure>\n\n\n\n<figure class=\"wp-block-image size-full has-custom-border\"><img loading=\"lazy\" decoding=\"async\" width=\"2048\" height=\"1536\" data-id=\"929\" src=\"https:\/\/pacificpumps.cl\/wp-content\/uploads\/2025\/01\/PATTERSON-FAMILY-3-5.jpg\" alt=\"\" class=\"wp-image-929\" style=\"border-radius:10px\" srcset=\"https:\/\/pacificpumps.cl\/wp-content\/uploads\/2025\/01\/PATTERSON-FAMILY-3-5.jpg 2048w, https:\/\/pacificpumps.cl\/wp-content\/uploads\/2025\/01\/PATTERSON-FAMILY-3-5-300x225.jpg 300w, https:\/\/pacificpumps.cl\/wp-content\/uploads\/2025\/01\/PATTERSON-FAMILY-3-5-1024x768.jpg 1024w, https:\/\/pacificpumps.cl\/wp-content\/uploads\/2025\/01\/PATTERSON-FAMILY-3-5-768x576.jpg 768w, https:\/\/pacificpumps.cl\/wp-content\/uploads\/2025\/01\/PATTERSON-FAMILY-3-5-1536x1152.jpg 1536w\" sizes=\"(max-width: 2048px) 100vw, 2048px\" \/><\/figure>\n\n\n\n<figure class=\"wp-block-image size-full has-custom-border\"><img loading=\"lazy\" decoding=\"async\" width=\"2048\" height=\"1536\" data-id=\"927\" src=\"https:\/\/pacificpumps.cl\/wp-content\/uploads\/2025\/01\/PATTERSON-4-2.jpg\" alt=\"\" class=\"wp-image-927\" style=\"border-radius:10px\" srcset=\"https:\/\/pacificpumps.cl\/wp-content\/uploads\/2025\/01\/PATTERSON-4-2.jpg 2048w, https:\/\/pacificpumps.cl\/wp-content\/uploads\/2025\/01\/PATTERSON-4-2-300x225.jpg 300w, https:\/\/pacificpumps.cl\/wp-content\/uploads\/2025\/01\/PATTERSON-4-2-1024x768.jpg 1024w, https:\/\/pacificpumps.cl\/wp-content\/uploads\/2025\/01\/PATTERSON-4-2-768x576.jpg 768w, https:\/\/pacificpumps.cl\/wp-content\/uploads\/2025\/01\/PATTERSON-4-2-1536x1152.jpg 1536w\" sizes=\"(max-width: 2048px) 100vw, 2048px\" \/><\/figure>\n\n\n\n<figure class=\"wp-block-image size-full has-custom-border is-style-default\"><img loading=\"lazy\" decoding=\"async\" width=\"2048\" height=\"1154\" data-id=\"930\" src=\"https:\/\/pacificpumps.cl\/wp-content\/uploads\/2025\/01\/PATTERSON-FAMILY-2-5.jpg\" alt=\"\" class=\"wp-image-930\" style=\"border-radius:10px\" srcset=\"https:\/\/pacificpumps.cl\/wp-content\/uploads\/2025\/01\/PATTERSON-FAMILY-2-5.jpg 2048w, https:\/\/pacificpumps.cl\/wp-content\/uploads\/2025\/01\/PATTERSON-FAMILY-2-5-300x169.jpg 300w, https:\/\/pacificpumps.cl\/wp-content\/uploads\/2025\/01\/PATTERSON-FAMILY-2-5-1024x577.jpg 1024w, https:\/\/pacificpumps.cl\/wp-content\/uploads\/2025\/01\/PATTERSON-FAMILY-2-5-768x433.jpg 768w, https:\/\/pacificpumps.cl\/wp-content\/uploads\/2025\/01\/PATTERSON-FAMILY-2-5-1536x866.jpg 1536w\" sizes=\"(max-width: 2048px) 100vw, 2048px\" \/><\/figure>\n<\/figure>\n<\/div>\n<\/div>\n<\/div>\n\n\n\n<div style=\"height:67px\" aria-hidden=\"true\" class=\"wp-block-spacer\"><\/div>\n\n\n\n<div class=\"wp-block-group alignfull has-base-color has-contrast-background-color has-text-color has-background has-link-color wp-elements-4b277121e6e983051e7c93b34e8424b9 has-global-padding is-layout-constrained wp-container-core-group-is-layout-d89aad35 wp-block-group-is-layout-constrained\" style=\"margin-top:0;margin-bottom:0;padding-top:var(--wp--preset--spacing--50);padding-right:var(--wp--preset--spacing--50);padding-bottom:var(--wp--preset--spacing--50);padding-left:var(--wp--preset--spacing--50);background-image:url(&apos;https:\/\/pacificpumps.cl\/wp-content\/uploads\/2025\/01\/FONDO-NEGRO-2.jpg&apos;);background-position:69% 90%;background-size:cover;\">\n<div class=\"wp-block-group alignwide is-layout-flow wp-block-group-is-layout-flow\">\n<div style=\"height:62px\" aria-hidden=\"true\" class=\"wp-block-spacer\"><\/div>\n\n\n\n<h3 class=\"wp-block-heading alignwide has-text-align-center is-style-asterisk has-base-2-color has-text-color has-link-color has-poppins-font-family has-x-large-font-size wp-elements-e7b0c7e0149908db34092d43a528b2c6\" style=\"font-style:normal;font-weight:700\" data-aos=\"zoom-in\" data-aos-duration=\"800\">Se parte de nuestra familia<\/h3>\n\n\n\n<p class=\"has-text-align-center has-contrast-1-color has-text-color has-link-color has-poppins-font-family has-large-font-size wp-elements-72cba83a990c4b003ac734fc0480bead\" style=\"font-style:normal;font-weight:400\">\u00bfListo para trabajar junt@s?<\/p>\n\n\n\n<div class=\"wp-block-buttons is-content-justification-center is-layout-flex wp-container-core-buttons-is-layout-a89b3969 wp-block-buttons-is-layout-flex\">\n<div class=\"wp-block-button\"><a class=\"wp-block-button__link wp-element-button\" href=\"https:\/\/api.whatsapp.com\/send\/?phone=56951888701&amp;text&amp;type=phone_number&amp;app_absent=0\" style=\"border-radius:100px\">Cont\u00e1ctanos<\/a><\/div>\n<\/div>\n\n\n\n<div style=\"height:72px\" aria-hidden=\"true\" class=\"wp-block-spacer\"><\/div>\n\n\n\n<div style=\"margin-top:var(--wp--preset--spacing--10);margin-bottom:0;height:var(--wp--preset--spacing--10)\" aria-hidden=\"true\" class=\"wp-block-spacer\"><\/div>\n<\/div>\n<\/div>\n","protected":false},"excerpt":{"rendered":"<p>Nuestra raz\u00f3n de ser Misi\u00f3n En Pacific Pump SpA, nuestra misi\u00f3n es proporcionar soluciones integrales en sistemas contra incendio, cumpliendo con los m\u00e1s altos est\u00e1ndares internacionales de calidad y seguridad. Nos dedicamos al suministro y mantenimiento de equipos de bombeo de agua, incluyendo bombas horizontales de carcasa dividida, bombas de alta presi\u00f3n de dos etapas, bombas verticales de turbina y bombas de succi\u00f3n axial (tipos: Horizontal Split Case, HP Stage DMD, End Suction, Vertical en Linea, Turbina Vertical). Nuestro personal especializado ofrece asesor\u00edas t\u00e9cnicas, inspecciones y sistemas paquetizados en formato SKID. Representamos a Patterson Pump Company, garantizando productos que cumplen con las certificaciones listado&nbsp;UL&nbsp;y aprobaci\u00f3n&nbsp;FM, entre otras normas internacionales, contribuyendo a la seguridad de diversas instalaciones a nivel nacional y regional. Nuestros objetivos Visi\u00f3n Aspiramos a consolidarnos como l\u00edderes en soluciones de bombeo contra incendio en nuestro pa\u00eds, distingui\u00e9ndonos por nuestra innovaci\u00f3n tecnol\u00f3gica y excelencia operativa. Buscamos expandir nuestra presencia, ofreciendo sistemas de bombeo avanzados que excedan las expectativas del mercado. En Pacific Pump SpA, nos comprometemos a proteger vidas y propiedades mediante la entrega de productos robustos y confiables, dise\u00f1ados para operar eficientemente bajo condiciones exigentes. Nuestro objetivo es ser reconocidos como el socio preferido para proyectos de protecci\u00f3n contra incendios, asegurando instalaciones seguras y protegidas en todos los sectores con productos que cumplen las certificaciones listados&nbsp;UL&nbsp;y aprobados &nbsp;FM. Nuestra familia Patterson En la reciente convenci\u00f3n de tecnolog\u00eda contra incendios, el equipo de Patterson The Family Pump estuvo presente explorando las \u00faltimas innovaciones en bombas de incendio. Comprometidos con la excelencia y la seguridad, seguimos buscando las mejores soluciones para proteger lo que m\u00e1s importa. Se parte de nuestra familia \u00bfListo para trabajar junt@s?<\/p>\n","protected":false},"author":1,"featured_media":0,"parent":0,"menu_order":0,"comment_status":"closed","ping_status":"closed","template":"page-wide","meta":{"footnotes":""},"class_list":["post-863","page","type-page","status-publish","hentry"],"_links":{"self":[{"href":"https:\/\/pacificpumps.cl\/index.php\/wp-json\/wp\/v2\/pages\/863","targetHints":{"allow":["GET"]}}],"collection":[{"href":"https:\/\/pacificpumps.cl\/index.php\/wp-json\/wp\/v2\/pages"}],"about":[{"href":"https:\/\/pacificpumps.cl\/index.php\/wp-json\/wp\/v2\/types\/page"}],"author":[{"embeddable":true,"href":"https:\/\/pacificpumps.cl\/index.php\/wp-json\/wp\/v2\/users\/1"}],"replies":[{"embeddable":true,"href":"https:\/\/pacificpumps.cl\/index.php\/wp-json\/wp\/v2\/comments?post=863"}],"version-history":[{"count":25,"href":"https:\/\/pacificpumps.cl\/index.php\/wp-json\/wp\/v2\/pages\/863\/revisions"}],"predecessor-version":[{"id":1339,"href":"https:\/\/pacificpumps.cl\/index.php\/wp-json\/wp\/v2\/pages\/863\/revisions\/1339"}],"wp:attachment":[{"href":"https:\/\/pacificpumps.cl\/index.php\/wp-json\/wp\/v2\/media?parent=863"}],"curies":[{"name":"wp","href":"https:\/\/api.w.org\/{rel}","templated":true}]}}