{"id":945,"date":"2025-01-24T06:07:48","date_gmt":"2025-01-24T06:07:48","guid":{"rendered":"https:\/\/pacificpumps.cl\/?page_id=945"},"modified":"2026-04-06T20:00:47","modified_gmt":"2026-04-06T20:00:47","slug":"contacto","status":"publish","type":"page","link":"https:\/\/pacificpumps.cl\/index.php\/contacto\/","title":{"rendered":"Contacto"},"content":{"rendered":"\n<div class=\"wp-block-group alignfull has-global-padding is-layout-constrained wp-block-group-is-layout-constrained\"><div class=\"kb-row-layout-wrap kb-row-layout-id945_da74fe-95 alignfull has-theme-palette8-background-color kt-row-has-bg wp-block-kadence-rowlayout\"><div class=\"kt-blocks-carousel kb-blocks-bg-slider kt-carousel-container-dotstyle-dark\"><div class=\"kt-blocks-carousel-init splide kb-blocks-bg-slider-init kt-carousel-arrowstyle-none kt-carousel-dotstyle-dark\" data-slider-anim-speed=\"400\" data-slider-type=\"slider\" data-slider-scroll=\"1\" data-slider-arrows=\"false\" data-slider-fade=\"true\" data-slider-dots=\"true\" data-slider-hover-pause=\"false\" data-slider-auto=\"true\" data-slider-speed=\"7000\" data-show-pause-button=\"false\"><div class=\"splide__track\"><ul class=\"splide__list\"><li class=\"splide__slide kb-bg-slide-contain\"><div  class=\"kb-bg-slide kb-bg-slide-0\" style=\"background-image:url(https:\/\/pacificpumps.cl\/wp-content\/uploads\/2025\/01\/FONDO-NEGRO-1.jpg); background-size:cover; background-position:center center; background-repeat:no-repeat;\"><\/div><\/li><\/ul><\/div><\/div><\/div><div class=\"kt-row-column-wrap kt-has-1-columns kt-row-layout-equal kt-tab-layout-inherit kt-mobile-layout-row kt-row-valign-top kb-theme-content-width\">\n\n<div class=\"wp-block-kadence-column kadence-column945_9b97a4-28\"><div class=\"kt-inside-inner-col\">\n<h2 data-aos=\"zoom-in\" class=\"kt-adv-heading945_86324a-f7 wp-block-kadence-advancedheading\" data-kb-block=\"kb-adv-heading945_86324a-f7\">Se parte de nuestra <\/h2>\n\n\n\n<h2 data-aos-duration=\"1000\" data-aos=\"zoom-in\" class=\"kt-adv-heading945_6a062b-c3 wp-block-kadence-advancedheading\" data-kb-block=\"kb-adv-heading945_6a062b-c3\">Familia <\/h2>\n\n\n\n<div class=\"wp-block-group is-content-justification-left is-nowrap is-layout-flex wp-container-core-group-is-layout-327ecd92 wp-block-group-is-layout-flex\">\n<div style=\"height:100px;width:0px\" aria-hidden=\"true\" class=\"wp-block-spacer wp-container-content-6388d5dc\"><\/div>\n\n\n\n<figure class=\"wp-block-image alignright size-full is-resized\" style=\"margin-right:60px;margin-left:0px\" data-aos=\"fade-up\" data-aos-duration=\"1000\"><img fetchpriority=\"high\" decoding=\"async\" width=\"512\" height=\"512\" src=\"https:\/\/pacificpumps.cl\/wp-content\/uploads\/2025\/01\/TRABAJO-EN-EQUIPO-ICONO-1.png\" alt=\"\" class=\"wp-image-809\" style=\"width:457px;height:auto\" srcset=\"https:\/\/pacificpumps.cl\/wp-content\/uploads\/2025\/01\/TRABAJO-EN-EQUIPO-ICONO-1.png 512w, https:\/\/pacificpumps.cl\/wp-content\/uploads\/2025\/01\/TRABAJO-EN-EQUIPO-ICONO-1-300x300.png 300w, https:\/\/pacificpumps.cl\/wp-content\/uploads\/2025\/01\/TRABAJO-EN-EQUIPO-ICONO-1-150x150.png 150w\" sizes=\"(max-width: 512px) 100vw, 512px\" \/><\/figure>\n<\/div>\n<\/div><\/div>\n\n<\/div><\/div><\/div>\n\n\n<div class=\"kb-row-layout-wrap kb-row-layout-id945_5b9b4b-a3 alignfull has-theme-palette9-background-color kt-row-has-bg wp-block-kadence-rowlayout\"><div class=\"kt-row-column-wrap kt-has-1-columns kt-row-layout-equal kt-tab-layout-inherit kt-mobile-layout-row kt-row-valign-top kb-theme-content-width\">\n\n<div class=\"wp-block-kadence-column kadence-column945_f98879-92\"><div class=\"kt-inside-inner-col\">\n<div class=\"wp-block-kadence-column kadence-column945_9df7c7-87 kb-section-dir-horizontal\" data-aos=\"zoom-in-up\"><div class=\"kt-inside-inner-col\">\n<p class=\"kt-adv-heading945_faf908-33 wp-block-kadence-advancedheading has-theme-palette-3-color has-text-color\" data-kb-block=\"kb-adv-heading945_faf908-33\">Para mejor entendimiento comun\u00edcate con nuestro gerente de ventas, quien resolver\u00e1 tus dudas de compra.<\/p>\n\n\n\n<div class=\"wp-block-kadence-advancedbtn kb-buttons-wrap kb-btns945_0ffec5-f5\"><a class=\"kb-button kt-button button kb-btn945_d1ef9d-4c kt-btn-size-standard kt-btn-width-type-auto kb-btn-global-fill  kt-btn-has-text-true kt-btn-has-svg-false  wp-block-kadence-singlebtn\" href=\"https:\/\/api.whatsapp.com\/send\/?phone=5651888701&#038;text&#038;type=phone_number&#038;app_absent=0\"><span class=\"kt-btn-inner-text\">Escr\u00edbeme<\/span><\/a><\/div>\n<\/div><\/div>\n\n\n<div class=\"kb-row-layout-wrap kb-row-layout-id945_f23acc-66 alignnone wp-block-kadence-rowlayout\"><div class=\"kt-row-column-wrap kt-has-2-columns kt-row-layout-equal kt-tab-layout-inherit kt-mobile-layout-row kt-row-valign-top\">\n\n<div class=\"wp-block-kadence-column kadence-column945_059786-8c\"><div class=\"kt-inside-inner-col\">\n<h2 class=\"kt-adv-heading945_c9bad8-7b wp-block-kadence-advancedheading\" data-kb-block=\"kb-adv-heading945_c9bad8-7b\">Como <\/h2>\n\n\n\n<h2 class=\"kt-adv-heading945_c197ef-49 wp-block-kadence-advancedheading\" data-kb-block=\"kb-adv-heading945_c197ef-49\">Contactarnos<\/h2>\n\n\n\n<p class=\"kt-adv-heading945_d5dd26-e3 wp-block-kadence-advancedheading has-theme-palette-3-color has-text-color\" data-kb-block=\"kb-adv-heading945_d5dd26-e3\">Completa tus datos, el asunto (ej. : cotizaci\u00f3n bomba&#8230;) y escribe tus consultas para luego enviar el mensaje. Este ser\u00e1 recibido por nuestro gerente de ventas, quien te orientara en lo que necesites.<\/p>\n<\/div><\/div>\n\n\n\n<div class=\"wp-block-kadence-column kadence-column945_40b65d-33\"><div class=\"kt-inside-inner-col\">\n<div class=\"wp-block-kadence-form kadence-form-945_d5a9b6-be kb-form-wrap\"><form class=\"kb-form\" action=\"\" method=\"post\"><div class=\"kadence-blocks-form-field kb-field-desk-width-100 kb-input-size-standard\"><label for=\"kb_field_945_d5a9b6-be_0\">Nombre<span class=\"required\">*<\/span><\/label><input name=\"kb_field_0\" id=\"kb_field_945_d5a9b6-be_0\" data-label=\"Nombre\" type=\"text\" placeholder=\"\" value=\"\" data-type=\"text\" class=\"kb-field kb-text-style-field kb-text-field kb-field-0\" autocomplete=\"name\" data-required=\"yes\"\/><\/div><div class=\"kadence-blocks-form-field kb-form-field-1 kb-field-desk-width-100 kb-input-size-standard\"><label for=\"kb_field_945_d5a9b6-be_1\">Mail<span class=\"required\">*<\/span><\/label><input name=\"kb_field_1\" id=\"kb_field_945_d5a9b6-be_1\" data-label=\"Mail\" type=\"email\" placeholder=\"\" value=\"\" data-type=\"email\" class=\"kb-field kb-text-style-field kb-email-field kb-field-1\" autocomplete=\"email\" data-required=\"yes\"\/><\/div><div class=\"kadence-blocks-form-field kb-form-field-2 kb-field-desk-width-100 kb-field-mobile-width-100 kb-input-size-standard\"><label for=\"kb_field_945_d5a9b6-be_2\">Asunto<\/label><input name=\"kb_field_2\" id=\"kb_field_945_d5a9b6-be_2\" data-label=\"Asunto\" type=\"text\" placeholder=\"\" value=\"\" data-type=\"text\" class=\"kb-field kb-text-style-field kb-text-field kb-field-2\"\/><\/div><div class=\"kadence-blocks-form-field kb-form-field-3 kb-field-desk-width-100 kb-input-size-standard\"><label for=\"kb_field_945_d5a9b6-be_3\">Mensaje<span class=\"required\">*<\/span><\/label><textarea name=\"kb_field_3\" id=\"kb_field_945_d5a9b6-be_3\" data-label=\"Mensaje\" type=\"textarea\" placeholder=\"\" data-type=\"textarea\" class=\"kb-field kb-text-style-field kb-textarea-field kb-field-3\" rows=\"4\" data-required=\"yes\"><\/textarea><\/div><input type=\"hidden\" name=\"_kb_form_id\" value=\"945_d5a9b6-be\"\/><input type=\"hidden\" name=\"_kb_form_post_id\" value=\"945\"\/><input type=\"hidden\" name=\"action\" value=\"kb_process_ajax_submit\"\/><label class=\"kadence-verify-label\">Email<input class=\"kadence-blocks-field verify\" type=\"text\" name=\"_kb_verify_email\" autocomplete=\"new-password\" aria-hidden=\"true\" placeholder=\"Email\" tabindex=\"-1\" data-1p-ignore=\"true\" data-lpignore=\"true\" \/><\/label><div class=\"kadence-blocks-form-field kb-submit-field kb-field-desk-width-100\"><button class=\"kb-forms-submit button kb-button-size-standard kb-button-width-full\">Enviar<\/button><\/div><\/form><\/div>\n<noscript><div class=\"kadence-blocks-form-message kadence-blocks-form-warning\">Activar JavaScript en tu navegador para enviar el formulario<\/div><style>.kadence-form-945_d5a9b6-be .kadence-blocks-form-field.kb-submit-field { display: none; }<\/style><\/noscript><\/div><\/div>\n\n<\/div><\/div><\/div><\/div>\n\n<\/div><\/div>\n\n<div data-aos=\"flip-up\" class=\"kb-row-layout-wrap kb-row-layout-id945_0c2e2e-98 alignfull wp-block-kadence-rowlayout\"><div class=\"kt-row-column-wrap kt-has-1-columns kt-row-layout-equal kt-tab-layout-inherit kt-mobile-layout-row kt-row-valign-top kb-theme-content-width\">\n\n<div class=\"wp-block-kadence-column kadence-column945_f6cdc7-99\"><div class=\"kt-inside-inner-col\"><div class=\"kb-google-maps-container kb-google-maps-container945_bb08ad-9c  pattern-map wp-block-kadence-googlemaps\" data-mapid=\"945_bb08ad9c\"><iframe width=\"100%\" height=\"100%\"\n\t\t\t\t\t\t\tstyle=\"border:0\" loading=\"lazy\"\n\t\t\t\t\t\t\tsrc=\"https:\/\/www.google.com\/maps\/embed\/v1\/place?key=AIzaSyBAM2o7PiQqwk15LC1XRH2e_KJ-jUa7KYk&#038;zoom=11&#038;maptype=roadmap&#038;q=Av.+Apoquindo+6410+Las+Condes+Santiago+-+Chile\"\n\t\t\t\t\t\t\ttitle=\"Mapa de Google de Av. Apoquindo 6410 Las Condes Santiago - Chile\"><\/iframe><\/div><script>function kb_google_map945_bb08ad9c() { let center = { lat: 37.8201, lng: -122.4781}; let map = new google.maps.Map(document.getElementById(\"kb-google-map945_bb08ad9c\"), {\n\t\t\t\t\t    zoom: 11,\n\t\t\t\t\t    center: center,});let marker = new google.maps.Marker({   position: { lat: 37.8201, lng: -122.4781},    map: map,  });}<\/script><\/div><\/div>\n\n<\/div><\/div>\n\n<div class=\"kb-row-layout-wrap kb-row-layout-id945_271f1e-aa alignfull has-theme-palette2-background-color kt-row-has-bg shadow wp-block-kadence-rowlayout\"><div class=\"kt-row-column-wrap kt-has-3-columns kt-row-layout-left-half kt-tab-layout-equal kt-mobile-layout-row kt-row-valign-middle kb-theme-content-width\">\n\n<div class=\"wp-block-kadence-column kadence-column945_c9e153-39 inner-column-2\"><div class=\"kt-inside-inner-col\">\n<div class=\"wp-block-kadence-infobox kt-info-box945_78c097-b9\"><div class=\"kt-blocks-info-box-link-wrap kt-blocks-info-box-media-align-top kt-info-halign-center\"><div class=\"kt-blocks-info-box-media-container\"><div class=\"kt-blocks-info-box-media kt-info-media-animate-none\"><div class=\"kadence-info-box-icon-container kt-info-icon-animate-none\"><div class=\"kadence-info-box-icon-inner-container\"><span class=\"kb-svg-icon-wrap kb-svg-icon-fe_map kt-info-svg-icon\"><svg viewBox=\"0 0 24 24\"  fill=\"none\" stroke=\"currentColor\" stroke-width=\"2\" stroke-linecap=\"round\" stroke-linejoin=\"round\" xmlns=\"http:\/\/www.w3.org\/2000\/svg\"  aria-hidden=\"true\"><polygon points=\"1 6 1 22 8 18 16 22 23 18 23 2 16 6 8 2 1 6\"\/><line x1=\"8\" y1=\"2\" x2=\"8\" y2=\"18\"\/><line x1=\"16\" y1=\"6\" x2=\"16\" y2=\"22\"\/><\/svg><\/span><\/div><\/div><\/div><\/div><div class=\"kt-infobox-textcontent\"><h6 class=\"kt-blocks-info-box-title\">Direcci\u00f3n<\/h6><p class=\"kt-blocks-info-box-text\">Av. Apoquindo 6410 Las Condes Santiago, Chile<\/p><\/div><\/div><\/div>\n<\/div><\/div>\n\n\n\n<div class=\"wp-block-kadence-column kadence-column945_071567-4f inner-column-1\"><div class=\"kt-inside-inner-col\">\n<div class=\"wp-block-kadence-infobox kt-info-box945_ce3d03-6e\"><div class=\"kt-blocks-info-box-link-wrap kt-blocks-info-box-media-align-top kt-info-halign-center kb-info-box-vertical-media-align-top\"><div class=\"kt-blocks-info-box-media-container\"><div class=\"kt-blocks-info-box-media kt-info-media-animate-none\"><div class=\"kadence-info-box-icon-container kt-info-icon-animate-none\"><div class=\"kadence-info-box-icon-inner-container\"><span class=\"kb-svg-icon-wrap kb-svg-icon-fe_mail kt-info-svg-icon\"><svg viewBox=\"0 0 24 24\"  fill=\"none\" stroke=\"currentColor\" stroke-width=\"2\" stroke-linecap=\"round\" stroke-linejoin=\"round\" xmlns=\"http:\/\/www.w3.org\/2000\/svg\"  aria-hidden=\"true\"><path d=\"M4 4h16c1.1 0 2 .9 2 2v12c0 1.1-.9 2-2 2H4c-1.1 0-2-.9-2-2V6c0-1.1.9-2 2-2z\"\/><polyline points=\"22,6 12,13 2,6\"\/><\/svg><\/span><\/div><\/div><\/div><\/div><div class=\"kt-infobox-textcontent\"><h6 class=\"kt-blocks-info-box-title\">Email<\/h6><p class=\"kt-blocks-info-box-text\">ptorres@pacificpumps.cl<\/p><\/div><\/div><\/div>\n<\/div><\/div>\n\n\n\n<div class=\"wp-block-kadence-column kadence-column945_5e1617-8d inner-column-3\"><div class=\"kt-inside-inner-col\">\n<div class=\"wp-block-kadence-infobox kt-info-box945_903c3c-fd\"><div class=\"kt-blocks-info-box-link-wrap kt-blocks-info-box-media-align-top kt-info-halign-center kb-info-box-vertical-media-align-top\"><div class=\"kt-blocks-info-box-media-container\"><div class=\"kt-blocks-info-box-media kt-info-media-animate-none\"><div class=\"kadence-info-box-icon-container kt-info-icon-animate-none\"><div class=\"kadence-info-box-icon-inner-container\"><span class=\"kb-svg-icon-wrap kb-svg-icon-fe_phoneCall kt-info-svg-icon\"><svg viewBox=\"0 0 24 24\"  fill=\"none\" stroke=\"currentColor\" stroke-width=\"2\" stroke-linecap=\"round\" stroke-linejoin=\"round\" xmlns=\"http:\/\/www.w3.org\/2000\/svg\"  aria-hidden=\"true\"><path d=\"M15.05 5A5 5 0 0 1 19 8.95M15.05 1A9 9 0 0 1 23 8.94m-1 7.98v3a2 2 0 0 1-2.18 2 19.79 19.79 0 0 1-8.63-3.07 19.5 19.5 0 0 1-6-6 19.79 19.79 0 0 1-3.07-8.67A2 2 0 0 1 4.11 2h3a2 2 0 0 1 2 1.72 12.84 12.84 0 0 0 .7 2.81 2 2 0 0 1-.45 2.11L8.09 9.91a16 16 0 0 0 6 6l1.27-1.27a2 2 0 0 1 2.11-.45 12.84 12.84 0 0 0 2.81.7A2 2 0 0 1 22 16.92z\"\/><\/svg><\/span><\/div><\/div><\/div><\/div><div class=\"kt-infobox-textcontent\"><h6 class=\"kt-blocks-info-box-title\">N\u00famero<\/h6><p class=\"kt-blocks-info-box-text\">(56-9) 51888701<\/p><\/div><\/div><\/div>\n<\/div><\/div>\n\n<\/div><\/div>\n\n\n<p><\/p>\n","protected":false},"excerpt":{"rendered":"<p>Se parte de nuestra Familia Para mejor entendimiento comun\u00edcate con nuestro gerente de ventas, quien resolver\u00e1 tus dudas de compra. Como Contactarnos Completa tus datos, el asunto (ej. : cotizaci\u00f3n bomba&#8230;) y escribe tus consultas para luego enviar el mensaje. Este ser\u00e1 recibido por nuestro gerente de ventas, quien te orientara en lo que necesites.<\/p>\n","protected":false},"author":1,"featured_media":0,"parent":0,"menu_order":0,"comment_status":"closed","ping_status":"closed","template":"page-with-sidebar","meta":{"footnotes":""},"class_list":["post-945","page","type-page","status-publish","hentry"],"_links":{"self":[{"href":"https:\/\/pacificpumps.cl\/index.php\/wp-json\/wp\/v2\/pages\/945","targetHints":{"allow":["GET"]}}],"collection":[{"href":"https:\/\/pacificpumps.cl\/index.php\/wp-json\/wp\/v2\/pages"}],"about":[{"href":"https:\/\/pacificpumps.cl\/index.php\/wp-json\/wp\/v2\/types\/page"}],"author":[{"embeddable":true,"href":"https:\/\/pacificpumps.cl\/index.php\/wp-json\/wp\/v2\/users\/1"}],"replies":[{"embeddable":true,"href":"https:\/\/pacificpumps.cl\/index.php\/wp-json\/wp\/v2\/comments?post=945"}],"version-history":[{"count":32,"href":"https:\/\/pacificpumps.cl\/index.php\/wp-json\/wp\/v2\/pages\/945\/revisions"}],"predecessor-version":[{"id":1359,"href":"https:\/\/pacificpumps.cl\/index.php\/wp-json\/wp\/v2\/pages\/945\/revisions\/1359"}],"wp:attachment":[{"href":"https:\/\/pacificpumps.cl\/index.php\/wp-json\/wp\/v2\/media?parent=945"}],"curies":[{"name":"wp","href":"https:\/\/api.w.org\/{rel}","templated":true}]}}